{"id":1933,"date":"2015-12-25T21:15:36","date_gmt":"2015-12-25T20:15:36","guid":{"rendered":"http:\/\/hr-fotodesign.de\/wordpress\/gallery\/hoope-park-wulsbuettel\/free-ride-09-08-15\/hoope_park_09_08_15\/"},"modified":"2015-12-25T21:19:15","modified_gmt":"2015-12-25T20:19:15","slug":"hoope_park_09_08_15","status":"publish","type":"page","link":"http:\/\/hr-fotodesign.de\/?page_id=1933","title":{"rendered":"Free Ride 09.08.15"},"content":{"rendered":"<p>[nggallery id=&#8220;5&#8243;]<\/p>\n","protected":false},"excerpt":{"rendered":"[nggallery id=&#8220;5&#8243;]\n<a class=\"moretag\" href=\"http:\/\/hr-fotodesign.de\/?page_id=1933\"> [...]<\/a>","protected":false},"author":1,"featured_media":0,"parent":1925,"menu_order":0,"comment_status":"closed","ping_status":"closed","template":"layouts\/fullwidth.php","meta":{"jetpack_post_was_ever_published":false},"jetpack_sharing_enabled":true,"jetpack_shortlink":"https:\/\/wp.me\/P74Yia-vb","jetpack-related-posts":[{"id":3154,"url":"http:\/\/hr-fotodesign.de\/?page_id=3154","url_meta":{"origin":1933,"position":0},"title":"Free Ride 16.05.15","date":"26\/12\/2015","format":false,"excerpt":"[nggallery id=\"10\"]","rel":"","context":"\u00c4hnlicher Beitrag","img":{"alt_text":"","src":"","width":0,"height":0},"classes":[]},{"id":5093,"url":"http:\/\/hr-fotodesign.de\/?page_id=5093","url_meta":{"origin":1933,"position":1},"title":"Free Ride 31.12.2015","date":"02\/01\/2016","format":false,"excerpt":"[nggallery id=\"20\"]","rel":"","context":"\u00c4hnlicher Beitrag","img":{"alt_text":"","src":"","width":0,"height":0},"classes":[]},{"id":22,"url":"http:\/\/hr-fotodesign.de\/?page_id=22","url_meta":{"origin":1933,"position":2},"title":"Contact","date":"22\/12\/2015","format":false,"excerpt":"","rel":"","context":"\u00c4hnlicher Beitrag","img":{"alt_text":"","src":"","width":0,"height":0},"classes":[]},{"id":20,"url":"http:\/\/hr-fotodesign.de\/?page_id=20","url_meta":{"origin":1933,"position":3},"title":"Impressum","date":"22\/12\/2015","format":false,"excerpt":"Anbieterkennzeichnung nach \u00a7 5 Telemediengesetz \u00a0 Name und Anschrift Hendrik R\u00fcther 26203 Wardenburg Kontakt E-Mail: info@hr-fotodesign.de Haftungsausschluss \u00a0 1. Inhalt des Onlineangebotes Der Autor \u00fcbernimmt keinerlei Gew\u00e4hr f\u00fcr die Aktualit\u00e4t, Korrektheit, Vollst\u00e4ndigkeit oder Qualit\u00e4t der bereitgestellten Informationen. Haftungsanspr\u00fcche gegen den Autor, welche sich auf Sch\u00e4den materieller oder ideeller Art beziehen,\u2026","rel":"","context":"\u00c4hnlicher Beitrag","img":{"alt_text":"","src":"","width":0,"height":0},"classes":[]}],"_links":{"self":[{"href":"http:\/\/hr-fotodesign.de\/index.php?rest_route=\/wp\/v2\/pages\/1933"}],"collection":[{"href":"http:\/\/hr-fotodesign.de\/index.php?rest_route=\/wp\/v2\/pages"}],"about":[{"href":"http:\/\/hr-fotodesign.de\/index.php?rest_route=\/wp\/v2\/types\/page"}],"author":[{"embeddable":true,"href":"http:\/\/hr-fotodesign.de\/index.php?rest_route=\/wp\/v2\/users\/1"}],"replies":[{"embeddable":true,"href":"http:\/\/hr-fotodesign.de\/index.php?rest_route=%2Fwp%2Fv2%2Fcomments&post=1933"}],"version-history":[{"count":2,"href":"http:\/\/hr-fotodesign.de\/index.php?rest_route=\/wp\/v2\/pages\/1933\/revisions"}],"predecessor-version":[{"id":1936,"href":"http:\/\/hr-fotodesign.de\/index.php?rest_route=\/wp\/v2\/pages\/1933\/revisions\/1936"}],"up":[{"embeddable":true,"href":"http:\/\/hr-fotodesign.de\/index.php?rest_route=\/wp\/v2\/pages\/1925"}],"wp:attachment":[{"href":"http:\/\/hr-fotodesign.de\/index.php?rest_route=%2Fwp%2Fv2%2Fmedia&parent=1933"}],"curies":[{"name":"wp","href":"https:\/\/api.w.org\/{rel}","templated":true}]}}