{"id":14,"date":"2015-12-22T23:08:23","date_gmt":"2015-12-22T22:08:23","guid":{"rendered":"http:\/\/hr-fotodesign.de\/wordpress\/?page_id=14"},"modified":"2015-12-30T23:19:34","modified_gmt":"2015-12-30T22:19:34","slug":"about-us","status":"publish","type":"page","link":"http:\/\/hr-fotodesign.de\/?page_id=14","title":{"rendered":"About Us"},"content":{"rendered":"<p><a href=\"https:\/\/i0.wp.com\/hr-fotodesign.de\/wordpress\/wp-content\/uploads\/2015\/12\/MG_1580.jpg\" rel=\"attachment wp-att-4247\"><img data-attachment-id=\"4247\" data-permalink=\"http:\/\/hr-fotodesign.de\/?attachment_id=4247\" data-orig-file=\"https:\/\/i0.wp.com\/hr-fotodesign.de\/wp-content\/uploads\/2015\/12\/MG_1580.jpg?fit=466%2C700\" data-orig-size=\"466,700\" data-comments-opened=\"1\" data-image-meta=\"{&quot;aperture&quot;:&quot;5.6&quot;,&quot;credit&quot;:&quot;&quot;,&quot;camera&quot;:&quot;Canon EOS 70D&quot;,&quot;caption&quot;:&quot;&quot;,&quot;created_timestamp&quot;:&quot;1432472270&quot;,&quot;copyright&quot;:&quot;&quot;,&quot;focal_length&quot;:&quot;100&quot;,&quot;iso&quot;:&quot;100&quot;,&quot;shutter_speed&quot;:&quot;0.0015625&quot;,&quot;title&quot;:&quot;&quot;,&quot;orientation&quot;:&quot;1&quot;}\" data-image-title=\"_MG_1580\" data-image-description=\"\" data-image-caption=\"\" data-medium-file=\"https:\/\/i0.wp.com\/hr-fotodesign.de\/wp-content\/uploads\/2015\/12\/MG_1580.jpg?fit=200%2C300\" data-large-file=\"https:\/\/i0.wp.com\/hr-fotodesign.de\/wp-content\/uploads\/2015\/12\/MG_1580.jpg?fit=466%2C700\" decoding=\"async\" loading=\"lazy\" class=\"alignleft wp-image-4247 size-medium\" src=\"https:\/\/i0.wp.com\/hr-fotodesign.de\/wp-content\/uploads\/2015\/12\/MG_1580.jpg?resize=200%2C300\" alt=\"_MG_1580\" width=\"200\" height=\"300\" srcset=\"https:\/\/i0.wp.com\/hr-fotodesign.de\/wp-content\/uploads\/2015\/12\/MG_1580.jpg?resize=200%2C300 200w, https:\/\/i0.wp.com\/hr-fotodesign.de\/wp-content\/uploads\/2015\/12\/MG_1580.jpg?w=466 466w\" sizes=\"(max-width: 200px) 100vw, 200px\" data-recalc-dims=\"1\" \/><\/a> <a href=\"https:\/\/i0.wp.com\/hr-fotodesign.de\/wordpress\/wp-content\/uploads\/2015\/12\/MG_5219.jpg\" rel=\"attachment wp-att-4252\"><img data-attachment-id=\"4252\" data-permalink=\"http:\/\/hr-fotodesign.de\/?attachment_id=4252\" data-orig-file=\"https:\/\/i0.wp.com\/hr-fotodesign.de\/wp-content\/uploads\/2015\/12\/MG_5219.jpg?fit=466%2C700\" data-orig-size=\"466,700\" data-comments-opened=\"1\" data-image-meta=\"{&quot;aperture&quot;:&quot;4.5&quot;,&quot;credit&quot;:&quot;&quot;,&quot;camera&quot;:&quot;Canon EOS 70D&quot;,&quot;caption&quot;:&quot;&quot;,&quot;created_timestamp&quot;:&quot;1444490874&quot;,&quot;copyright&quot;:&quot;&quot;,&quot;focal_length&quot;:&quot;70&quot;,&quot;iso&quot;:&quot;250&quot;,&quot;shutter_speed&quot;:&quot;0.001&quot;,&quot;title&quot;:&quot;&quot;,&quot;orientation&quot;:&quot;1&quot;}\" data-image-title=\"_MG_5219\" data-image-description=\"\" data-image-caption=\"\" data-medium-file=\"https:\/\/i0.wp.com\/hr-fotodesign.de\/wp-content\/uploads\/2015\/12\/MG_5219.jpg?fit=200%2C300\" data-large-file=\"https:\/\/i0.wp.com\/hr-fotodesign.de\/wp-content\/uploads\/2015\/12\/MG_5219.jpg?fit=466%2C700\" decoding=\"async\" loading=\"lazy\" class=\"alignleft wp-image-4252 size-medium\" src=\"https:\/\/i0.wp.com\/hr-fotodesign.de\/wp-content\/uploads\/2015\/12\/MG_5219.jpg?resize=200%2C300\" alt=\"_MG_5219\" width=\"200\" height=\"300\" srcset=\"https:\/\/i0.wp.com\/hr-fotodesign.de\/wp-content\/uploads\/2015\/12\/MG_5219.jpg?resize=200%2C300 200w, https:\/\/i0.wp.com\/hr-fotodesign.de\/wp-content\/uploads\/2015\/12\/MG_5219.jpg?w=466 466w\" sizes=\"(max-width: 200px) 100vw, 200px\" data-recalc-dims=\"1\" \/><\/a> <a href=\"https:\/\/i0.wp.com\/hr-fotodesign.de\/wordpress\/wp-content\/uploads\/2015\/12\/MG_2265.jpg\" rel=\"attachment wp-att-4249\"><img data-attachment-id=\"4249\" data-permalink=\"http:\/\/hr-fotodesign.de\/?attachment_id=4249\" data-orig-file=\"https:\/\/i0.wp.com\/hr-fotodesign.de\/wp-content\/uploads\/2015\/12\/MG_2265.jpg?fit=467%2C700\" data-orig-size=\"467,700\" data-comments-opened=\"1\" data-image-meta=\"{&quot;aperture&quot;:&quot;4.5&quot;,&quot;credit&quot;:&quot;&quot;,&quot;camera&quot;:&quot;Canon EOS 70D&quot;,&quot;caption&quot;:&quot;&quot;,&quot;created_timestamp&quot;:&quot;1432477139&quot;,&quot;copyright&quot;:&quot;&quot;,&quot;focal_length&quot;:&quot;104&quot;,&quot;iso&quot;:&quot;160&quot;,&quot;shutter_speed&quot;:&quot;0.00125&quot;,&quot;title&quot;:&quot;&quot;,&quot;orientation&quot;:&quot;1&quot;}\" data-image-title=\"_MG_2265\" data-image-description=\"\" data-image-caption=\"\" data-medium-file=\"https:\/\/i0.wp.com\/hr-fotodesign.de\/wp-content\/uploads\/2015\/12\/MG_2265.jpg?fit=200%2C300\" data-large-file=\"https:\/\/i0.wp.com\/hr-fotodesign.de\/wp-content\/uploads\/2015\/12\/MG_2265.jpg?fit=467%2C700\" decoding=\"async\" loading=\"lazy\" class=\"alignleft wp-image-4249 size-medium\" src=\"https:\/\/i0.wp.com\/hr-fotodesign.de\/wp-content\/uploads\/2015\/12\/MG_2265.jpg?resize=200%2C300\" alt=\"_MG_2265\" width=\"200\" height=\"300\" srcset=\"https:\/\/i0.wp.com\/hr-fotodesign.de\/wp-content\/uploads\/2015\/12\/MG_2265.jpg?resize=200%2C300 200w, https:\/\/i0.wp.com\/hr-fotodesign.de\/wp-content\/uploads\/2015\/12\/MG_2265.jpg?w=467 467w\" sizes=\"(max-width: 200px) 100vw, 200px\" data-recalc-dims=\"1\" \/><\/a> <a href=\"https:\/\/i0.wp.com\/hr-fotodesign.de\/wordpress\/wp-content\/uploads\/2015\/12\/MG_2264.jpg\" rel=\"attachment wp-att-4248\"><img data-attachment-id=\"4248\" data-permalink=\"http:\/\/hr-fotodesign.de\/?attachment_id=4248\" data-orig-file=\"https:\/\/i0.wp.com\/hr-fotodesign.de\/wp-content\/uploads\/2015\/12\/MG_2264.jpg?fit=393%2C700\" data-orig-size=\"393,700\" data-comments-opened=\"1\" data-image-meta=\"{&quot;aperture&quot;:&quot;4.5&quot;,&quot;credit&quot;:&quot;&quot;,&quot;camera&quot;:&quot;Canon EOS 70D&quot;,&quot;caption&quot;:&quot;&quot;,&quot;created_timestamp&quot;:&quot;1432477126&quot;,&quot;copyright&quot;:&quot;&quot;,&quot;focal_length&quot;:&quot;87&quot;,&quot;iso&quot;:&quot;100&quot;,&quot;shutter_speed&quot;:&quot;0.00125&quot;,&quot;title&quot;:&quot;&quot;,&quot;orientation&quot;:&quot;1&quot;}\" data-image-title=\"_MG_2264\" data-image-description=\"\" data-image-caption=\"\" data-medium-file=\"https:\/\/i0.wp.com\/hr-fotodesign.de\/wp-content\/uploads\/2015\/12\/MG_2264.jpg?fit=168%2C300\" data-large-file=\"https:\/\/i0.wp.com\/hr-fotodesign.de\/wp-content\/uploads\/2015\/12\/MG_2264.jpg?fit=393%2C700\" decoding=\"async\" loading=\"lazy\" class=\"alignleft wp-image-4248 size-medium\" src=\"https:\/\/i0.wp.com\/hr-fotodesign.de\/wp-content\/uploads\/2015\/12\/MG_2264.jpg?resize=168%2C300\" alt=\"_MG_2264\" width=\"168\" height=\"300\" srcset=\"https:\/\/i0.wp.com\/hr-fotodesign.de\/wp-content\/uploads\/2015\/12\/MG_2264.jpg?resize=168%2C300 168w, https:\/\/i0.wp.com\/hr-fotodesign.de\/wp-content\/uploads\/2015\/12\/MG_2264.jpg?w=393 393w\" sizes=\"(max-width: 168px) 100vw, 168px\" data-recalc-dims=\"1\" \/><\/a> <a href=\"https:\/\/i0.wp.com\/hr-fotodesign.de\/wordpress\/wp-content\/uploads\/2015\/12\/MG_0132.jpg\" rel=\"attachment wp-att-4246\"><img data-attachment-id=\"4246\" data-permalink=\"http:\/\/hr-fotodesign.de\/?attachment_id=4246\" data-orig-file=\"https:\/\/i0.wp.com\/hr-fotodesign.de\/wp-content\/uploads\/2015\/12\/MG_0132.jpg?fit=466%2C700\" data-orig-size=\"466,700\" data-comments-opened=\"1\" data-image-meta=\"{&quot;aperture&quot;:&quot;4.5&quot;,&quot;credit&quot;:&quot;&quot;,&quot;camera&quot;:&quot;Canon EOS 70D&quot;,&quot;caption&quot;:&quot;&quot;,&quot;created_timestamp&quot;:&quot;1431790209&quot;,&quot;copyright&quot;:&quot;&quot;,&quot;focal_length&quot;:&quot;176&quot;,&quot;iso&quot;:&quot;250&quot;,&quot;shutter_speed&quot;:&quot;0.0015625&quot;,&quot;title&quot;:&quot;&quot;,&quot;orientation&quot;:&quot;1&quot;}\" data-image-title=\"_MG_0132\" data-image-description=\"\" data-image-caption=\"\" data-medium-file=\"https:\/\/i0.wp.com\/hr-fotodesign.de\/wp-content\/uploads\/2015\/12\/MG_0132.jpg?fit=200%2C300\" data-large-file=\"https:\/\/i0.wp.com\/hr-fotodesign.de\/wp-content\/uploads\/2015\/12\/MG_0132.jpg?fit=466%2C700\" decoding=\"async\" loading=\"lazy\" class=\"alignleft wp-image-4246 size-medium\" src=\"https:\/\/i0.wp.com\/hr-fotodesign.de\/wp-content\/uploads\/2015\/12\/MG_0132.jpg?resize=200%2C300\" alt=\"_MG_0132\" width=\"200\" height=\"300\" srcset=\"https:\/\/i0.wp.com\/hr-fotodesign.de\/wp-content\/uploads\/2015\/12\/MG_0132.jpg?resize=200%2C300 200w, https:\/\/i0.wp.com\/hr-fotodesign.de\/wp-content\/uploads\/2015\/12\/MG_0132.jpg?w=466 466w\" sizes=\"(max-width: 200px) 100vw, 200px\" data-recalc-dims=\"1\" \/><\/a><\/p>\n<p>&nbsp;<\/p>\n<p>&nbsp;<\/p>\n<p>&nbsp;<\/p>\n<p>&nbsp;<\/p>\n<p>&nbsp;<\/p>\n<p>&nbsp;<\/p>\n<hr \/>\n<p><a href=\"https:\/\/i0.wp.com\/hr-fotodesign.de\/wordpress\/wp-content\/uploads\/2015\/12\/hr_fotodesign_logo.png\" rel=\"attachment wp-att-72\"><img data-attachment-id=\"72\" data-permalink=\"http:\/\/hr-fotodesign.de\/?attachment_id=72\" data-orig-file=\"https:\/\/i0.wp.com\/hr-fotodesign.de\/wp-content\/uploads\/2015\/12\/hr_fotodesign_logo.png?fit=188%2C130\" data-orig-size=\"188,130\" data-comments-opened=\"1\" data-image-meta=\"{&quot;aperture&quot;:&quot;0&quot;,&quot;credit&quot;:&quot;&quot;,&quot;camera&quot;:&quot;&quot;,&quot;caption&quot;:&quot;&quot;,&quot;created_timestamp&quot;:&quot;0&quot;,&quot;copyright&quot;:&quot;&quot;,&quot;focal_length&quot;:&quot;0&quot;,&quot;iso&quot;:&quot;0&quot;,&quot;shutter_speed&quot;:&quot;0&quot;,&quot;title&quot;:&quot;&quot;,&quot;orientation&quot;:&quot;0&quot;}\" data-image-title=\"hr_fotodesign_logo\" data-image-description=\"\" data-image-caption=\"\" data-medium-file=\"https:\/\/i0.wp.com\/hr-fotodesign.de\/wp-content\/uploads\/2015\/12\/hr_fotodesign_logo.png?fit=188%2C130\" data-large-file=\"https:\/\/i0.wp.com\/hr-fotodesign.de\/wp-content\/uploads\/2015\/12\/hr_fotodesign_logo.png?fit=188%2C130\" decoding=\"async\" loading=\"lazy\" class=\"alignleft wp-image-72 size-full\" src=\"https:\/\/i0.wp.com\/hr-fotodesign.de\/wp-content\/uploads\/2015\/12\/hr_fotodesign_logo.png?resize=188%2C130\" alt=\"hr_fotodesign_logo\" width=\"188\" height=\"130\" data-recalc-dims=\"1\" \/><\/a>kommt aus dem l\u00e4ndlichen Wardenburg, ca. zw\u00f6lf Kilometer s\u00fcdlich von Oldenburg (Niedersachsen) gelegen. Gegr\u00fcndet wurde<span class=\"text_exposed_show\"> HR-FotoDesign im Jahre 2011. Seitdem sind wir auf verschiedenen Veranstaltungen wie zum Beispiel dem Niedersachen Cup im MotoCross als Fotograf dabei.<\/span><\/p>\n<p>Aber nicht nur in diesem Bereich sind wir vertreten. Unser Angebot umfasst au\u00dferdem die Auto-, Landschafts- und Tierfotografie. Also von allem etwas.<\/p>\n<p>Wir lieben es, zu fotografieren, Augenblicke festzuhalten und sie mit euch zu teilen. Schaut euch unsere Werke doch selbst einfach in unserer Galerie an.<\/p>\n<p>&nbsp;<\/p>\n<p>&nbsp;<\/p>\n","protected":false},"excerpt":{"rendered":"&nbsp; &nbsp; &nbsp; &nbsp; &nbsp; &nbsp; kommt aus dem l\u00e4ndlichen Wardenburg, ca. zw\u00f6lf Kilometer s\u00fcdlich von Oldenburg (Niedersachsen) gelegen. Gegr\u00fcndet wurde HR-FotoDesign im \n<a class=\"moretag\" href=\"http:\/\/hr-fotodesign.de\/?page_id=14\"> [...]<\/a>","protected":false},"author":1,"featured_media":0,"parent":0,"menu_order":0,"comment_status":"closed","ping_status":"closed","template":"layouts\/fullwidth.php","meta":{"jetpack_post_was_ever_published":false},"jetpack_sharing_enabled":true,"jetpack_shortlink":"https:\/\/wp.me\/P74Yia-e","jetpack-related-posts":[],"_links":{"self":[{"href":"http:\/\/hr-fotodesign.de\/index.php?rest_route=\/wp\/v2\/pages\/14"}],"collection":[{"href":"http:\/\/hr-fotodesign.de\/index.php?rest_route=\/wp\/v2\/pages"}],"about":[{"href":"http:\/\/hr-fotodesign.de\/index.php?rest_route=\/wp\/v2\/types\/page"}],"author":[{"embeddable":true,"href":"http:\/\/hr-fotodesign.de\/index.php?rest_route=\/wp\/v2\/users\/1"}],"replies":[{"embeddable":true,"href":"http:\/\/hr-fotodesign.de\/index.php?rest_route=%2Fwp%2Fv2%2Fcomments&post=14"}],"version-history":[{"count":10,"href":"http:\/\/hr-fotodesign.de\/index.php?rest_route=\/wp\/v2\/pages\/14\/revisions"}],"predecessor-version":[{"id":4989,"href":"http:\/\/hr-fotodesign.de\/index.php?rest_route=\/wp\/v2\/pages\/14\/revisions\/4989"}],"wp:attachment":[{"href":"http:\/\/hr-fotodesign.de\/index.php?rest_route=%2Fwp%2Fv2%2Fmedia&parent=14"}],"curies":[{"name":"wp","href":"https:\/\/api.w.org\/{rel}","templated":true}]}}